{"id":919,"date":"2024-07-10T01:23:34","date_gmt":"2024-07-10T01:23:34","guid":{"rendered":"https:\/\/foretbowman.org\/?page_id=919"},"modified":"2024-12-01T23:54:20","modified_gmt":"2024-12-01T23:54:20","slug":"infrastructure","status":"publish","type":"page","link":"https:\/\/foretbowman.org\/en\/infrastructure\/","title":{"rendered":"Infrastructure"},"content":{"rendered":"<div data-elementor-type=\"wp-page\" data-elementor-id=\"919\" class=\"elementor elementor-919\" data-elementor-post-type=\"page\">\n\t\t\t\t\t\t<section class=\"elementor-section elementor-top-section elementor-element elementor-element-fb3c76a elementor-section-full_width elementor-section-height-default elementor-section-height-default\" data-id=\"fb3c76a\" data-element_type=\"section\" data-e-type=\"section\" data-settings=\"{&quot;background_background&quot;:&quot;classic&quot;}\">\n\t\t\t\t\t\t\t<div class=\"elementor-background-overlay\"><\/div>\n\t\t\t\t\t\t\t<div class=\"elementor-container elementor-column-gap-no\">\n\t\t\t\t\t<div class=\"elementor-column elementor-col-100 elementor-top-column elementor-element elementor-element-7a6e62e\" data-id=\"7a6e62e\" data-element_type=\"column\" data-e-type=\"column\">\n\t\t\t<div class=\"elementor-widget-wrap elementor-element-populated\">\n\t\t\t\t\t\t<div class=\"elementor-element elementor-element-7410fdd elementor-widget elementor-widget-heading\" data-id=\"7410fdd\" data-element_type=\"widget\" data-e-type=\"widget\" data-widget_type=\"heading.default\">\n\t\t\t\t<div class=\"elementor-widget-container\">\n\t\t\t\t\t<h2 class=\"elementor-heading-title elementor-size-default\">Infrastructure<\/h2>\t\t\t\t<\/div>\n\t\t\t\t<\/div>\n\t\t\t\t<div class=\"elementor-element elementor-element-f4b9a06 elementor-widget-divider--view-line elementor-widget elementor-widget-divider\" data-id=\"f4b9a06\" data-element_type=\"widget\" data-e-type=\"widget\" data-widget_type=\"divider.default\">\n\t\t\t\t<div class=\"elementor-widget-container\">\n\t\t\t\t\t\t\t<div class=\"elementor-divider\">\n\t\t\t<span class=\"elementor-divider-separator\">\n\t\t\t\t\t\t<\/span>\n\t\t<\/div>\n\t\t\t\t\t\t<\/div>\n\t\t\t\t<\/div>\n\t\t\t\t\t<\/div>\n\t\t<\/div>\n\t\t\t\t\t<\/div>\n\t\t<\/section>\n\t\t\t\t<section class=\"elementor-section elementor-top-section elementor-element elementor-element-d1a0b72 elementor-section-boxed elementor-section-height-default elementor-section-height-default\" data-id=\"d1a0b72\" data-element_type=\"section\" data-e-type=\"section\" data-settings=\"{&quot;background_background&quot;:&quot;classic&quot;}\">\n\t\t\t\t\t\t\t<div class=\"elementor-background-overlay\"><\/div>\n\t\t\t\t\t\t\t<div class=\"elementor-container elementor-column-gap-no\">\n\t\t\t\t\t<div class=\"elementor-column elementor-col-100 elementor-top-column elementor-element elementor-element-11babe4\" data-id=\"11babe4\" data-element_type=\"column\" data-e-type=\"column\">\n\t\t\t<div class=\"elementor-widget-wrap elementor-element-populated\">\n\t\t\t\t\t\t<section class=\"elementor-section elementor-inner-section elementor-element elementor-element-bc935f8 elementor-section-boxed elementor-section-height-default elementor-section-height-default\" data-id=\"bc935f8\" data-element_type=\"section\" data-e-type=\"section\">\n\t\t\t\t\t\t<div class=\"elementor-container elementor-column-gap-no\">\n\t\t\t\t\t<div class=\"elementor-column elementor-col-50 elementor-inner-column elementor-element elementor-element-8a49cb0\" data-id=\"8a49cb0\" data-element_type=\"column\" data-e-type=\"column\">\n\t\t\t<div class=\"elementor-widget-wrap elementor-element-populated\">\n\t\t\t\t\t\t<div class=\"elementor-element elementor-element-6740c4f elementor-widget elementor-widget-heading\" data-id=\"6740c4f\" data-element_type=\"widget\" data-e-type=\"widget\" data-widget_type=\"heading.default\">\n\t\t\t\t<div class=\"elementor-widget-container\">\n\t\t\t\t\t<h1 class=\"elementor-heading-title elementor-size-default\">2024<\/h1>\t\t\t\t<\/div>\n\t\t\t\t<\/div>\n\t\t\t\t<div class=\"elementor-element elementor-element-6a7bd70 elementor-widget elementor-widget-heading\" data-id=\"6a7bd70\" data-element_type=\"widget\" data-e-type=\"widget\" data-widget_type=\"heading.default\">\n\t\t\t\t<div class=\"elementor-widget-container\">\n\t\t\t\t\t<h2 class=\"elementor-heading-title elementor-size-default\">Reception Pavilion<\/h2>\t\t\t\t<\/div>\n\t\t\t\t<\/div>\n\t\t\t\t<div class=\"elementor-element elementor-element-bbf1176 elementor-widget elementor-widget-text-editor\" data-id=\"bbf1176\" data-element_type=\"widget\" data-e-type=\"widget\" data-widget_type=\"text-editor.default\">\n\t\t\t\t<div class=\"elementor-widget-container\">\n\t\t\t\t\t\t\t\t\t<p>At the entrance to the park, near Lac du Brochet, the pavilion is a new construction owned by the Municipality of Bowman, but managed by the Bowman Forest Regional Park's Board of Directors. It welcomes visitors, provides information and is also a place where tourists can rent outdoor equipment.<\/p>\t\t\t\t\t\t\t\t<\/div>\n\t\t\t\t<\/div>\n\t\t\t\t\t<\/div>\n\t\t<\/div>\n\t\t\t\t<div class=\"elementor-column elementor-col-50 elementor-inner-column elementor-element elementor-element-d7020b3\" data-id=\"d7020b3\" data-element_type=\"column\" data-e-type=\"column\">\n\t\t\t<div class=\"elementor-widget-wrap elementor-element-populated\">\n\t\t\t\t\t\t<div class=\"elementor-element elementor-element-518063f elementor-widget elementor-widget-image\" data-id=\"518063f\" data-element_type=\"widget\" data-e-type=\"widget\" data-widget_type=\"image.default\">\n\t\t\t\t<div class=\"elementor-widget-container\">\n\t\t\t\t\t\t\t\t\t\t\t\t\t\t\t<img fetchpriority=\"high\" decoding=\"async\" width=\"720\" height=\"416\" src=\"https:\/\/foretbowman.org\/wp-content\/uploads\/2024\/07\/Pavillon-daccueil-1024x591.png\" class=\"attachment-large size-large wp-image-944\" alt=\"Mod\u00e8le 3D du future pavillon d&#039;accueil\" srcset=\"https:\/\/foretbowman.org\/wp-content\/uploads\/2024\/07\/Pavillon-daccueil-1024x591.png 1024w, https:\/\/foretbowman.org\/wp-content\/uploads\/2024\/07\/Pavillon-daccueil-300x173.png 300w, https:\/\/foretbowman.org\/wp-content\/uploads\/2024\/07\/Pavillon-daccueil-768x443.png 768w, https:\/\/foretbowman.org\/wp-content\/uploads\/2024\/07\/Pavillon-daccueil-1536x887.png 1536w, https:\/\/foretbowman.org\/wp-content\/uploads\/2024\/07\/Pavillon-daccueil-600x346.png 600w, https:\/\/foretbowman.org\/wp-content\/uploads\/2024\/07\/Pavillon-daccueil.png 1642w\" sizes=\"(max-width: 720px) 100vw, 720px\" \/>\t\t\t\t\t\t\t\t\t\t\t\t\t\t\t<\/div>\n\t\t\t\t<\/div>\n\t\t\t\t\t<\/div>\n\t\t<\/div>\n\t\t\t\t\t<\/div>\n\t\t<\/section>\n\t\t\t\t<section class=\"elementor-section elementor-inner-section elementor-element elementor-element-ee4f388 elementor-reverse-tablet elementor-reverse-mobile elementor-section-boxed elementor-section-height-default elementor-section-height-default\" data-id=\"ee4f388\" data-element_type=\"section\" data-e-type=\"section\">\n\t\t\t\t\t\t<div class=\"elementor-container elementor-column-gap-no\">\n\t\t\t\t\t<div class=\"elementor-column elementor-col-50 elementor-inner-column elementor-element elementor-element-bc934dc\" data-id=\"bc934dc\" data-element_type=\"column\" data-e-type=\"column\">\n\t\t\t<div class=\"elementor-widget-wrap elementor-element-populated\">\n\t\t\t\t\t\t<div class=\"elementor-element elementor-element-c17a201 elementor-widget elementor-widget-image\" data-id=\"c17a201\" data-element_type=\"widget\" data-e-type=\"widget\" data-widget_type=\"image.default\">\n\t\t\t\t<div class=\"elementor-widget-container\">\n\t\t\t\t\t\t\t\t\t\t\t\t\t\t\t<img decoding=\"async\" width=\"720\" height=\"486\" src=\"https:\/\/foretbowman.org\/wp-content\/uploads\/2024\/07\/pavillon2-1024x691.png\" class=\"attachment-large size-large wp-image-1170\" alt=\"Mod\u00e8le 3D \u00e0 l&#039;int\u00e9rieur du future pavillon d&#039;accueil\" srcset=\"https:\/\/foretbowman.org\/wp-content\/uploads\/2024\/07\/pavillon2-1024x691.png 1024w, https:\/\/foretbowman.org\/wp-content\/uploads\/2024\/07\/pavillon2-300x202.png 300w, https:\/\/foretbowman.org\/wp-content\/uploads\/2024\/07\/pavillon2-768x518.png 768w, https:\/\/foretbowman.org\/wp-content\/uploads\/2024\/07\/pavillon2-1536x1036.png 1536w, https:\/\/foretbowman.org\/wp-content\/uploads\/2024\/07\/pavillon2-600x405.png 600w, https:\/\/foretbowman.org\/wp-content\/uploads\/2024\/07\/pavillon2.png 1818w\" sizes=\"(max-width: 720px) 100vw, 720px\" \/>\t\t\t\t\t\t\t\t\t\t\t\t\t\t\t<\/div>\n\t\t\t\t<\/div>\n\t\t\t\t\t<\/div>\n\t\t<\/div>\n\t\t\t\t<div class=\"elementor-column elementor-col-50 elementor-inner-column elementor-element elementor-element-71ae6cd\" data-id=\"71ae6cd\" data-element_type=\"column\" data-e-type=\"column\">\n\t\t\t<div class=\"elementor-widget-wrap elementor-element-populated\">\n\t\t\t\t\t\t<div class=\"elementor-element elementor-element-d3b89d7 elementor-widget elementor-widget-heading\" data-id=\"d3b89d7\" data-element_type=\"widget\" data-e-type=\"widget\" data-widget_type=\"heading.default\">\n\t\t\t\t<div class=\"elementor-widget-container\">\n\t\t\t\t\t<h2 class=\"elementor-heading-title elementor-size-default\">Modern and Eco-Responsible<\/h2>\t\t\t\t<\/div>\n\t\t\t\t<\/div>\n\t\t\t\t<div class=\"elementor-element elementor-element-a690d8d elementor-widget elementor-widget-text-editor\" data-id=\"a690d8d\" data-element_type=\"widget\" data-e-type=\"widget\" data-widget_type=\"text-editor.default\">\n\t\t\t\t<div class=\"elementor-widget-container\">\n\t\t\t\t\t\t\t\t\t<p>The building features a room that can accommodate a maximum of sixty-three people, plus a large terrace - an ideal location for social events. Modern and versatile, the reception pavilion overlooking Lac du Brochet is a landmark that offers comfort and safety, while respecting the environment and minimizing its impact on it.<\/p>\t\t\t\t\t\t\t\t<\/div>\n\t\t\t\t<\/div>\n\t\t\t\t\t<\/div>\n\t\t<\/div>\n\t\t\t\t\t<\/div>\n\t\t<\/section>\n\t\t\t\t\t<\/div>\n\t\t<\/div>\n\t\t\t\t\t<\/div>\n\t\t<\/section>\n\t\t\t\t<section class=\"elementor-section elementor-top-section elementor-element elementor-element-f127985 elementor-reverse-tablet elementor-reverse-mobile elementor-section-boxed elementor-section-height-default elementor-section-height-default\" data-id=\"f127985\" data-element_type=\"section\" data-e-type=\"section\" data-settings=\"{&quot;background_background&quot;:&quot;classic&quot;}\">\n\t\t\t\t\t\t<div class=\"elementor-container elementor-column-gap-no\">\n\t\t\t\t\t<div class=\"elementor-column elementor-col-50 elementor-top-column elementor-element elementor-element-2b827ae\" data-id=\"2b827ae\" data-element_type=\"column\" data-e-type=\"column\">\n\t\t\t<div class=\"elementor-widget-wrap elementor-element-populated\">\n\t\t\t\t\t\t<div class=\"elementor-element elementor-element-5d5bb9a elementor-widget elementor-widget-image\" data-id=\"5d5bb9a\" data-element_type=\"widget\" data-e-type=\"widget\" data-widget_type=\"image.default\">\n\t\t\t\t<div class=\"elementor-widget-container\">\n\t\t\t\t\t\t\t\t\t\t\t\t\t\t\t<img decoding=\"async\" width=\"720\" height=\"405\" src=\"https:\/\/foretbowman.org\/wp-content\/uploads\/2024\/07\/Relais-du-cedre-1024x576.jpg\" class=\"attachment-large size-large wp-image-941\" alt=\"\" srcset=\"https:\/\/foretbowman.org\/wp-content\/uploads\/2024\/07\/Relais-du-cedre-1024x576.jpg 1024w, https:\/\/foretbowman.org\/wp-content\/uploads\/2024\/07\/Relais-du-cedre-300x169.jpg 300w, https:\/\/foretbowman.org\/wp-content\/uploads\/2024\/07\/Relais-du-cedre-768x432.jpg 768w, https:\/\/foretbowman.org\/wp-content\/uploads\/2024\/07\/Relais-du-cedre-600x338.jpg 600w, https:\/\/foretbowman.org\/wp-content\/uploads\/2024\/07\/Relais-du-cedre.jpg 1080w\" sizes=\"(max-width: 720px) 100vw, 720px\" \/>\t\t\t\t\t\t\t\t\t\t\t\t\t\t\t<\/div>\n\t\t\t\t<\/div>\n\t\t\t\t<div class=\"elementor-element elementor-element-58c6d51 elementor-widget elementor-widget-image\" data-id=\"58c6d51\" data-element_type=\"widget\" data-e-type=\"widget\" data-widget_type=\"image.default\">\n\t\t\t\t<div class=\"elementor-widget-container\">\n\t\t\t\t\t\t\t\t\t\t\t\t\t\t\t<img loading=\"lazy\" decoding=\"async\" width=\"720\" height=\"405\" src=\"https:\/\/foretbowman.org\/wp-content\/uploads\/2024\/07\/Relais-du-chene-2-1024x576.jpg\" class=\"attachment-large size-large wp-image-942\" alt=\"\" srcset=\"https:\/\/foretbowman.org\/wp-content\/uploads\/2024\/07\/Relais-du-chene-2-1024x576.jpg 1024w, https:\/\/foretbowman.org\/wp-content\/uploads\/2024\/07\/Relais-du-chene-2-300x169.jpg 300w, https:\/\/foretbowman.org\/wp-content\/uploads\/2024\/07\/Relais-du-chene-2-768x432.jpg 768w, https:\/\/foretbowman.org\/wp-content\/uploads\/2024\/07\/Relais-du-chene-2-1536x864.jpg 1536w, https:\/\/foretbowman.org\/wp-content\/uploads\/2024\/07\/Relais-du-chene-2-2048x1152.jpg 2048w, https:\/\/foretbowman.org\/wp-content\/uploads\/2024\/07\/Relais-du-chene-2-600x338.jpg 600w\" sizes=\"(max-width: 720px) 100vw, 720px\" \/>\t\t\t\t\t\t\t\t\t\t\t\t\t\t\t<\/div>\n\t\t\t\t<\/div>\n\t\t\t\t\t<\/div>\n\t\t<\/div>\n\t\t\t\t<div class=\"elementor-column elementor-col-50 elementor-top-column elementor-element elementor-element-72e45fd\" data-id=\"72e45fd\" data-element_type=\"column\" data-e-type=\"column\">\n\t\t\t<div class=\"elementor-widget-wrap elementor-element-populated\">\n\t\t\t\t\t\t<div class=\"elementor-element elementor-element-b6b00e6 elementor-widget elementor-widget-heading\" data-id=\"b6b00e6\" data-element_type=\"widget\" data-e-type=\"widget\" data-widget_type=\"heading.default\">\n\t\t\t\t<div class=\"elementor-widget-container\">\n\t\t\t\t\t<h1 class=\"elementor-heading-title elementor-size-default\">2023<\/h1>\t\t\t\t<\/div>\n\t\t\t\t<\/div>\n\t\t\t\t<div class=\"elementor-element elementor-element-291d3fd elementor-widget elementor-widget-heading\" data-id=\"291d3fd\" data-element_type=\"widget\" data-e-type=\"widget\" data-widget_type=\"heading.default\">\n\t\t\t\t<div class=\"elementor-widget-container\">\n\t\t\t\t\t<h2 class=\"elementor-heading-title elementor-size-default\">Rest Areas for Hikers<\/h2>\t\t\t\t<\/div>\n\t\t\t\t<\/div>\n\t\t\t\t<div class=\"elementor-element elementor-element-fef346c elementor-widget elementor-widget-text-editor\" data-id=\"fef346c\" data-element_type=\"widget\" data-e-type=\"widget\" data-widget_type=\"text-editor.default\">\n\t\t\t\t<div class=\"elementor-widget-container\">\n\t\t\t\t\t\t\t\t\t<p>Two rest areas, the Oak and Cedar rest areas, were inaugurated in 2023. Accompanied by a wood-burning stove, these rest areas allow hikers to take a break and warm up in winter. In addition, they will be upgraded to allow outdoor fires in controlled enclosures and the possibility of picnicking.<\/p>\t\t\t\t\t\t\t\t<\/div>\n\t\t\t\t<\/div>\n\t\t\t\t\t<\/div>\n\t\t<\/div>\n\t\t\t\t\t<\/div>\n\t\t<\/section>\n\t\t\t\t<section class=\"elementor-section elementor-top-section elementor-element elementor-element-42ca1ee elementor-section-boxed elementor-section-height-default elementor-section-height-default\" data-id=\"42ca1ee\" data-element_type=\"section\" data-e-type=\"section\" data-settings=\"{&quot;background_background&quot;:&quot;classic&quot;}\">\n\t\t\t\t\t\t<div class=\"elementor-container elementor-column-gap-no\">\n\t\t\t\t\t<div class=\"elementor-column elementor-col-50 elementor-top-column elementor-element elementor-element-780ef4d\" data-id=\"780ef4d\" data-element_type=\"column\" data-e-type=\"column\">\n\t\t\t<div class=\"elementor-widget-wrap elementor-element-populated\">\n\t\t\t\t\t\t<div class=\"elementor-element elementor-element-a972992 elementor-widget elementor-widget-heading\" data-id=\"a972992\" data-element_type=\"widget\" data-e-type=\"widget\" data-widget_type=\"heading.default\">\n\t\t\t\t<div class=\"elementor-widget-container\">\n\t\t\t\t\t<h1 class=\"elementor-heading-title elementor-size-default\">2023<\/h1>\t\t\t\t<\/div>\n\t\t\t\t<\/div>\n\t\t\t\t<div class=\"elementor-element elementor-element-a8769ef elementor-widget elementor-widget-heading\" data-id=\"a8769ef\" data-element_type=\"widget\" data-e-type=\"widget\" data-widget_type=\"heading.default\">\n\t\t\t\t<div class=\"elementor-widget-container\">\n\t\t\t\t\t<h2 class=\"elementor-heading-title elementor-size-default\">Docks<\/h2>\t\t\t\t<\/div>\n\t\t\t\t<\/div>\n\t\t\t\t<div class=\"elementor-element elementor-element-0731fe0 elementor-widget elementor-widget-text-editor\" data-id=\"0731fe0\" data-element_type=\"widget\" data-e-type=\"widget\" data-widget_type=\"text-editor.default\">\n\t\t\t\t<div class=\"elementor-widget-container\">\n\t\t\t\t\t\t\t\t\t<p>Two docks have been installed on the shores of Lac du Brochet and Lac de la Truite. Designed for recreational, interpretive and observation activities, these docks allow visitors to disembark non-motorized boats.\u00a0<\/p><p>The lakes are ideal for fishing, canoeing, kayaking and paddleboarding. Two additional docks are planned for Lac Desjardins and Lac Cook.<\/p>\t\t\t\t\t\t\t\t<\/div>\n\t\t\t\t<\/div>\n\t\t\t\t\t<\/div>\n\t\t<\/div>\n\t\t\t\t<div class=\"elementor-column elementor-col-50 elementor-top-column elementor-element elementor-element-15bb7d7\" data-id=\"15bb7d7\" data-element_type=\"column\" data-e-type=\"column\">\n\t\t\t<div class=\"elementor-widget-wrap elementor-element-populated\">\n\t\t\t\t\t\t<div class=\"elementor-element elementor-element-834ebda elementor-widget elementor-widget-image\" data-id=\"834ebda\" data-element_type=\"widget\" data-e-type=\"widget\" data-widget_type=\"image.default\">\n\t\t\t\t<div class=\"elementor-widget-container\">\n\t\t\t\t\t\t\t\t\t\t\t\t\t\t\t<img loading=\"lazy\" decoding=\"async\" width=\"720\" height=\"405\" src=\"https:\/\/foretbowman.org\/wp-content\/uploads\/2024\/07\/Quai-du-lac-du-Brochet-1024x576.jpg\" class=\"attachment-large size-large wp-image-939\" alt=\"\" srcset=\"https:\/\/foretbowman.org\/wp-content\/uploads\/2024\/07\/Quai-du-lac-du-Brochet-1024x576.jpg 1024w, https:\/\/foretbowman.org\/wp-content\/uploads\/2024\/07\/Quai-du-lac-du-Brochet-300x169.jpg 300w, https:\/\/foretbowman.org\/wp-content\/uploads\/2024\/07\/Quai-du-lac-du-Brochet-768x432.jpg 768w, https:\/\/foretbowman.org\/wp-content\/uploads\/2024\/07\/Quai-du-lac-du-Brochet-1536x864.jpg 1536w, https:\/\/foretbowman.org\/wp-content\/uploads\/2024\/07\/Quai-du-lac-du-Brochet-2048x1152.jpg 2048w, https:\/\/foretbowman.org\/wp-content\/uploads\/2024\/07\/Quai-du-lac-du-Brochet-600x338.jpg 600w\" sizes=\"(max-width: 720px) 100vw, 720px\" \/>\t\t\t\t\t\t\t\t\t\t\t\t\t\t\t<\/div>\n\t\t\t\t<\/div>\n\t\t\t\t<div class=\"elementor-element elementor-element-427318a elementor-widget elementor-widget-image\" data-id=\"427318a\" data-element_type=\"widget\" data-e-type=\"widget\" data-widget_type=\"image.default\">\n\t\t\t\t<div class=\"elementor-widget-container\">\n\t\t\t\t\t\t\t\t\t\t\t\t\t\t\t<img loading=\"lazy\" decoding=\"async\" width=\"720\" height=\"405\" src=\"https:\/\/foretbowman.org\/wp-content\/uploads\/2024\/07\/Quai-du-Lac-a-la-Truite-1024x576.jpg\" class=\"attachment-large size-large wp-image-940\" alt=\"\" srcset=\"https:\/\/foretbowman.org\/wp-content\/uploads\/2024\/07\/Quai-du-Lac-a-la-Truite-1024x576.jpg 1024w, https:\/\/foretbowman.org\/wp-content\/uploads\/2024\/07\/Quai-du-Lac-a-la-Truite-300x169.jpg 300w, https:\/\/foretbowman.org\/wp-content\/uploads\/2024\/07\/Quai-du-Lac-a-la-Truite-768x432.jpg 768w, https:\/\/foretbowman.org\/wp-content\/uploads\/2024\/07\/Quai-du-Lac-a-la-Truite-1536x864.jpg 1536w, https:\/\/foretbowman.org\/wp-content\/uploads\/2024\/07\/Quai-du-Lac-a-la-Truite-2048x1152.jpg 2048w, https:\/\/foretbowman.org\/wp-content\/uploads\/2024\/07\/Quai-du-Lac-a-la-Truite-600x338.jpg 600w\" sizes=\"(max-width: 720px) 100vw, 720px\" \/>\t\t\t\t\t\t\t\t\t\t\t\t\t\t\t<\/div>\n\t\t\t\t<\/div>\n\t\t\t\t\t<\/div>\n\t\t<\/div>\n\t\t\t\t\t<\/div>\n\t\t<\/section>\n\t\t\t\t<section class=\"elementor-section elementor-top-section elementor-element elementor-element-5d1cb5c elementor-reverse-tablet elementor-reverse-mobile elementor-section-boxed elementor-section-height-default elementor-section-height-default\" data-id=\"5d1cb5c\" data-element_type=\"section\" data-e-type=\"section\" data-settings=\"{&quot;background_background&quot;:&quot;classic&quot;}\">\n\t\t\t\t\t\t<div class=\"elementor-container elementor-column-gap-no\">\n\t\t\t\t\t<div class=\"elementor-column elementor-col-50 elementor-top-column elementor-element elementor-element-1818d78\" data-id=\"1818d78\" data-element_type=\"column\" data-e-type=\"column\">\n\t\t\t<div class=\"elementor-widget-wrap elementor-element-populated\">\n\t\t\t\t\t\t<div class=\"elementor-element elementor-element-216c0ec elementor-widget elementor-widget-image\" data-id=\"216c0ec\" data-element_type=\"widget\" data-e-type=\"widget\" data-widget_type=\"image.default\">\n\t\t\t\t<div class=\"elementor-widget-container\">\n\t\t\t\t\t\t\t\t\t\t\t\t\t\t\t<img loading=\"lazy\" decoding=\"async\" width=\"720\" height=\"960\" src=\"https:\/\/foretbowman.org\/wp-content\/uploads\/2024\/07\/Parc-regional-foret-Bowman-Voies-descalade-768x1024.jpg\" class=\"attachment-large size-large wp-image-1113\" alt=\"\" srcset=\"https:\/\/foretbowman.org\/wp-content\/uploads\/2024\/07\/Parc-regional-foret-Bowman-Voies-descalade-768x1024.jpg 768w, https:\/\/foretbowman.org\/wp-content\/uploads\/2024\/07\/Parc-regional-foret-Bowman-Voies-descalade-225x300.jpg 225w, https:\/\/foretbowman.org\/wp-content\/uploads\/2024\/07\/Parc-regional-foret-Bowman-Voies-descalade-1152x1536.jpg 1152w, https:\/\/foretbowman.org\/wp-content\/uploads\/2024\/07\/Parc-regional-foret-Bowman-Voies-descalade-1536x2048.jpg 1536w, https:\/\/foretbowman.org\/wp-content\/uploads\/2024\/07\/Parc-regional-foret-Bowman-Voies-descalade-600x800.jpg 600w, https:\/\/foretbowman.org\/wp-content\/uploads\/2024\/07\/Parc-regional-foret-Bowman-Voies-descalade-scaled.jpg 1920w\" sizes=\"(max-width: 720px) 100vw, 720px\" \/>\t\t\t\t\t\t\t\t\t\t\t\t\t\t\t<\/div>\n\t\t\t\t<\/div>\n\t\t\t\t\t<\/div>\n\t\t<\/div>\n\t\t\t\t<div class=\"elementor-column elementor-col-50 elementor-top-column elementor-element elementor-element-6172a5d\" data-id=\"6172a5d\" data-element_type=\"column\" data-e-type=\"column\">\n\t\t\t<div class=\"elementor-widget-wrap elementor-element-populated\">\n\t\t\t\t\t\t<div class=\"elementor-element elementor-element-8035ce9 elementor-widget elementor-widget-heading\" data-id=\"8035ce9\" data-element_type=\"widget\" data-e-type=\"widget\" data-widget_type=\"heading.default\">\n\t\t\t\t<div class=\"elementor-widget-container\">\n\t\t\t\t\t<h1 class=\"elementor-heading-title elementor-size-default\">2020 & 2021\u200b<\/h1>\t\t\t\t<\/div>\n\t\t\t\t<\/div>\n\t\t\t\t<div class=\"elementor-element elementor-element-ff58723 elementor-widget elementor-widget-heading\" data-id=\"ff58723\" data-element_type=\"widget\" data-e-type=\"widget\" data-widget_type=\"heading.default\">\n\t\t\t\t<div class=\"elementor-widget-container\">\n\t\t\t\t\t<h2 class=\"elementor-heading-title elementor-size-default\">Rock-Climbing Walls <\/h2>\t\t\t\t<\/div>\n\t\t\t\t<\/div>\n\t\t\t\t<div class=\"elementor-element elementor-element-a5a00bb elementor-widget elementor-widget-text-editor\" data-id=\"a5a00bb\" data-element_type=\"widget\" data-e-type=\"widget\" data-widget_type=\"text-editor.default\">\n\t\t\t\t<div class=\"elementor-widget-container\">\n\t\t\t\t\t\t\t\t\t<p>The Bowman Forest Regional Park offers more than 40 climbing routes with an average height of 25 meters. Developed by Les professionnels de la F\u00e9d\u00e9ration qu\u00e9b\u00e9coise de la Montagne et de l'Escalade (FQME), the team played an essential role in clearing the routes and installing fixed anchors. The Park's first routes were set up in 2020 and 2021.<\/p><p>Bowman offers rather technical climbing on small holds on vertical or slab faces, as well as some beautiful traditional cracks. This wall is ideal for families and beginners.<\/p>\t\t\t\t\t\t\t\t<\/div>\n\t\t\t\t<\/div>\n\t\t\t\t\t<\/div>\n\t\t<\/div>\n\t\t\t\t\t<\/div>\n\t\t<\/section>\n\t\t\t\t<\/div>","protected":false},"excerpt":{"rendered":"<p>Infrastructure 2024 Pavillon d\u2019accueil \u00c0 l\u2019entr\u00e9e du Parc, \u00e0 proximit\u00e9 du Lac du Brochet, le pavillon est une nouvelle construction dont le propri\u00e9taire demeure la Municipalit\u00e9 de Bowman, mais d\u2019o\u00f9 la gestion rel\u00e8ve du conseil d\u2019administration du Parc r\u00e9gional de la for\u00eat Bowman. Il assure l\u2019accueil des visiteurs, garantit la diffusion d\u2019information et se trouve \u00e9galement \u00eatre un lieu o\u00f9 [&hellip;]<\/p>\n","protected":false},"author":1,"featured_media":0,"parent":0,"menu_order":0,"comment_status":"closed","ping_status":"closed","template":"elementor_header_footer","meta":{"give_campaign_id":0,"footnotes":""},"class_list":["post-919","page","type-page","status-publish","hentry"],"aioseo_notices":[],"campaignId":"","_links":{"self":[{"href":"https:\/\/foretbowman.org\/en\/wp-json\/wp\/v2\/pages\/919","targetHints":{"allow":["GET"]}}],"collection":[{"href":"https:\/\/foretbowman.org\/en\/wp-json\/wp\/v2\/pages"}],"about":[{"href":"https:\/\/foretbowman.org\/en\/wp-json\/wp\/v2\/types\/page"}],"author":[{"embeddable":true,"href":"https:\/\/foretbowman.org\/en\/wp-json\/wp\/v2\/users\/1"}],"replies":[{"embeddable":true,"href":"https:\/\/foretbowman.org\/en\/wp-json\/wp\/v2\/comments?post=919"}],"version-history":[{"count":88,"href":"https:\/\/foretbowman.org\/en\/wp-json\/wp\/v2\/pages\/919\/revisions"}],"predecessor-version":[{"id":1605,"href":"https:\/\/foretbowman.org\/en\/wp-json\/wp\/v2\/pages\/919\/revisions\/1605"}],"wp:attachment":[{"href":"https:\/\/foretbowman.org\/en\/wp-json\/wp\/v2\/media?parent=919"}],"curies":[{"name":"wp","href":"https:\/\/api.w.org\/{rel}","templated":true}]}}