{"id":806,"date":"2024-07-08T23:46:34","date_gmt":"2024-07-08T23:46:34","guid":{"rendered":"https:\/\/foretbowman.org\/?page_id=806"},"modified":"2024-09-28T18:13:33","modified_gmt":"2024-09-28T18:13:33","slug":"medias","status":"publish","type":"page","link":"https:\/\/foretbowman.org\/en\/medias\/","title":{"rendered":"Media and Blogs"},"content":{"rendered":"<div data-elementor-type=\"wp-page\" data-elementor-id=\"806\" class=\"elementor elementor-806\" data-elementor-post-type=\"page\">\n\t\t\t\t\t\t<section class=\"elementor-section elementor-top-section elementor-element elementor-element-fb3c76a elementor-section-full_width elementor-section-height-default elementor-section-height-default\" data-id=\"fb3c76a\" data-element_type=\"section\" data-e-type=\"section\" data-settings=\"{&quot;background_background&quot;:&quot;classic&quot;}\">\n\t\t\t\t\t\t\t<div class=\"elementor-background-overlay\"><\/div>\n\t\t\t\t\t\t\t<div class=\"elementor-container elementor-column-gap-no\">\n\t\t\t\t\t<div class=\"elementor-column elementor-col-100 elementor-top-column elementor-element elementor-element-7a6e62e\" data-id=\"7a6e62e\" data-element_type=\"column\" data-e-type=\"column\">\n\t\t\t<div class=\"elementor-widget-wrap elementor-element-populated\">\n\t\t\t\t\t\t<div class=\"elementor-element elementor-element-7410fdd elementor-widget elementor-widget-heading\" data-id=\"7410fdd\" data-element_type=\"widget\" data-e-type=\"widget\" data-widget_type=\"heading.default\">\n\t\t\t\t<div class=\"elementor-widget-container\">\n\t\t\t\t\t<h2 class=\"elementor-heading-title elementor-size-default\">Media and Blogs<\/h2>\t\t\t\t<\/div>\n\t\t\t\t<\/div>\n\t\t\t\t<div class=\"elementor-element elementor-element-f4b9a06 elementor-widget-divider--view-line elementor-widget elementor-widget-divider\" data-id=\"f4b9a06\" data-element_type=\"widget\" data-e-type=\"widget\" data-widget_type=\"divider.default\">\n\t\t\t\t<div class=\"elementor-widget-container\">\n\t\t\t\t\t\t\t<div class=\"elementor-divider\">\n\t\t\t<span class=\"elementor-divider-separator\">\n\t\t\t\t\t\t<\/span>\n\t\t<\/div>\n\t\t\t\t\t\t<\/div>\n\t\t\t\t<\/div>\n\t\t\t\t\t<\/div>\n\t\t<\/div>\n\t\t\t\t\t<\/div>\n\t\t<\/section>\n\t\t\t\t<section class=\"elementor-section elementor-top-section elementor-element elementor-element-4abb356 elementor-section-boxed elementor-section-height-default elementor-section-height-default\" data-id=\"4abb356\" data-element_type=\"section\" data-e-type=\"section\" data-settings=\"{&quot;background_background&quot;:&quot;classic&quot;}\">\n\t\t\t\t\t\t<div class=\"elementor-container elementor-column-gap-no\">\n\t\t\t\t\t<div class=\"elementor-column elementor-col-100 elementor-top-column elementor-element elementor-element-8607c98\" data-id=\"8607c98\" data-element_type=\"column\" data-e-type=\"column\">\n\t\t\t<div class=\"elementor-widget-wrap elementor-element-populated\">\n\t\t\t\t\t\t<div class=\"elementor-element elementor-element-dd1be02 elementor-widget elementor-widget-heading\" data-id=\"dd1be02\" data-element_type=\"widget\" data-e-type=\"widget\" data-widget_type=\"heading.default\">\n\t\t\t\t<div class=\"elementor-widget-container\">\n\t\t\t\t\t<h1 class=\"elementor-heading-title elementor-size-default\">Blog links<\/h1>\t\t\t\t<\/div>\n\t\t\t\t<\/div>\n\t\t\t\t<div class=\"elementor-element elementor-element-c034673 elementor-widget elementor-widget-heading\" data-id=\"c034673\" data-element_type=\"widget\" data-e-type=\"widget\" data-widget_type=\"heading.default\">\n\t\t\t\t<div class=\"elementor-widget-container\">\n\t\t\t\t\t<h2 class=\"elementor-heading-title elementor-size-default\">See the Park Through a Different Lens<\/h2>\t\t\t\t<\/div>\n\t\t\t\t<\/div>\n\t\t\t\t<div class=\"elementor-element elementor-element-d98f049 elementor-widget elementor-widget-text-editor\" data-id=\"d98f049\" data-element_type=\"widget\" data-e-type=\"widget\" data-widget_type=\"text-editor.default\">\n\t\t\t\t<div class=\"elementor-widget-container\">\n\t\t\t\t\t\t\t\t\t<p>Explore the latest blogs, articles and videos published about the Bowman Forest Regional Park.<\/p>\t\t\t\t\t\t\t\t<\/div>\n\t\t\t\t<\/div>\n\t\t<div class=\"elementor-element elementor-element-ce63ddb e-con-full e-grid e-con e-parent\" data-id=\"ce63ddb\" data-element_type=\"container\" data-e-type=\"container\">\n\t\t<div class=\"elementor-element elementor-element-7a5ab89 e-con-full e-flex e-con e-child\" data-id=\"7a5ab89\" data-element_type=\"container\" data-e-type=\"container\" data-settings=\"{&quot;background_background&quot;:&quot;classic&quot;}\">\n\t\t\t\t<div class=\"elementor-element elementor-element-372c970 elementor-position-top elementor-position-top elementor-widget elementor-widget-image-box\" data-id=\"372c970\" data-element_type=\"widget\" data-e-type=\"widget\" data-widget_type=\"image-box.default\">\n\t\t\t\t<div class=\"elementor-widget-container\">\n\t\t\t\t\t<div class=\"elementor-image-box-wrapper\"><figure class=\"elementor-image-box-img\"><a href=\"https:\/\/audeladupaysage.com\/2023\/01\/07\/foret-bowman-fr\/\" target=\"_blank\" tabindex=\"-1\"><img fetchpriority=\"high\" decoding=\"async\" width=\"1050\" height=\"194\" src=\"https:\/\/foretbowman.org\/wp-content\/uploads\/2024\/07\/logo-au-dela-du-paysage.png\" class=\"attachment-full size-full wp-image-845\" alt=\"Logo du blog Au-del\u00e0 du paysage\" srcset=\"https:\/\/foretbowman.org\/wp-content\/uploads\/2024\/07\/logo-au-dela-du-paysage.png 1050w, https:\/\/foretbowman.org\/wp-content\/uploads\/2024\/07\/logo-au-dela-du-paysage-300x55.png 300w, https:\/\/foretbowman.org\/wp-content\/uploads\/2024\/07\/logo-au-dela-du-paysage-1024x189.png 1024w, https:\/\/foretbowman.org\/wp-content\/uploads\/2024\/07\/logo-au-dela-du-paysage-768x142.png 768w, https:\/\/foretbowman.org\/wp-content\/uploads\/2024\/07\/logo-au-dela-du-paysage-600x111.png 600w\" sizes=\"(max-width: 1050px) 100vw, 1050px\" \/><\/a><\/figure><div class=\"elementor-image-box-content\"><h3 class=\"elementor-image-box-title\"><a href=\"https:\/\/audeladupaysage.com\/2023\/01\/07\/foret-bowman-fr\/\" target=\"_blank\"> \u00c0 la d\u00e9couverte du Parc r\u00e9gional de la for\u00eat Bowman en Outaouais<\/a><\/h3><p class=\"elementor-image-box-description\">Published January 7, 2023<\/p><\/div><\/div>\t\t\t\t<\/div>\n\t\t\t\t<\/div>\n\t\t\t\t<div class=\"elementor-element elementor-element-f731d77 elementor-align-left elementor-tablet-align-left elementor-mobile-align-left elementor-widget elementor-widget-button\" data-id=\"f731d77\" data-element_type=\"widget\" data-e-type=\"widget\" data-widget_type=\"button.default\">\n\t\t\t\t<div class=\"elementor-widget-container\">\n\t\t\t\t\t\t\t\t\t<div class=\"elementor-button-wrapper\">\n\t\t\t\t\t<a class=\"elementor-button elementor-button-link elementor-size-sm\" href=\"https:\/\/audeladupaysage.com\/2023\/01\/07\/foret-bowman-fr\/\" target=\"_blank\">\n\t\t\t\t\t\t<span class=\"elementor-button-content-wrapper\">\n\t\t\t\t\t\t\t\t\t<span class=\"elementor-button-text\">Read blog<\/span>\n\t\t\t\t\t<\/span>\n\t\t\t\t\t<\/a>\n\t\t\t\t<\/div>\n\t\t\t\t\t\t\t\t<\/div>\n\t\t\t\t<\/div>\n\t\t\t\t<\/div>\n\t\t<div class=\"elementor-element elementor-element-9149fca e-con-full e-flex e-con e-child\" data-id=\"9149fca\" data-element_type=\"container\" data-e-type=\"container\" data-settings=\"{&quot;background_background&quot;:&quot;classic&quot;}\">\n\t\t\t\t<div class=\"elementor-element elementor-element-5aafd67 elementor-position-top elementor-position-top elementor-widget elementor-widget-image-box\" data-id=\"5aafd67\" data-element_type=\"widget\" data-e-type=\"widget\" data-widget_type=\"image-box.default\">\n\t\t\t\t<div class=\"elementor-widget-container\">\n\t\t\t\t\t<div class=\"elementor-image-box-wrapper\"><figure class=\"elementor-image-box-img\"><a href=\"https:\/\/www.youtube.com\/watch?v=R6oYIlGs1mc&ab_channel=Jo.Explore\" target=\"_blank\" tabindex=\"-1\"><img decoding=\"async\" width=\"3596\" height=\"819\" src=\"https:\/\/foretbowman.org\/wp-content\/uploads\/2024\/07\/logo-youtube-e1720488931407.png\" class=\"attachment-full size-full wp-image-847\" alt=\"Logo de YouTube\" srcset=\"https:\/\/foretbowman.org\/wp-content\/uploads\/2024\/07\/logo-youtube-e1720488931407.png 3596w, https:\/\/foretbowman.org\/wp-content\/uploads\/2024\/07\/logo-youtube-e1720488931407-300x68.png 300w, https:\/\/foretbowman.org\/wp-content\/uploads\/2024\/07\/logo-youtube-e1720488931407-1024x233.png 1024w, https:\/\/foretbowman.org\/wp-content\/uploads\/2024\/07\/logo-youtube-e1720488931407-768x175.png 768w, https:\/\/foretbowman.org\/wp-content\/uploads\/2024\/07\/logo-youtube-e1720488931407-1536x350.png 1536w, https:\/\/foretbowman.org\/wp-content\/uploads\/2024\/07\/logo-youtube-e1720488931407-2048x466.png 2048w, https:\/\/foretbowman.org\/wp-content\/uploads\/2024\/07\/logo-youtube-e1720488931407-600x137.png 600w\" sizes=\"(max-width: 3596px) 100vw, 3596px\" \/><\/a><\/figure><div class=\"elementor-image-box-content\"><h3 class=\"elementor-image-box-title\"><a href=\"https:\/\/www.youtube.com\/watch?v=R6oYIlGs1mc&ab_channel=Jo.Explore\" target=\"_blank\">Magnifique randonn\u00e9e hivernale en raquettes \u00e0 Bowman en Outaouais<\/a><\/h3><p class=\"elementor-image-box-description\">Published February 21, 2022<\/p><\/div><\/div>\t\t\t\t<\/div>\n\t\t\t\t<\/div>\n\t\t\t\t<div class=\"elementor-element elementor-element-c833280 elementor-align-left elementor-tablet-align-left elementor-mobile-align-left elementor-widget elementor-widget-button\" data-id=\"c833280\" data-element_type=\"widget\" data-e-type=\"widget\" data-widget_type=\"button.default\">\n\t\t\t\t<div class=\"elementor-widget-container\">\n\t\t\t\t\t\t\t\t\t<div class=\"elementor-button-wrapper\">\n\t\t\t\t\t<a class=\"elementor-button elementor-button-link elementor-size-sm\" href=\"https:\/\/www.youtube.com\/watch?v=R6oYIlGs1mc&ab_channel=Jo.Explore\" target=\"_blank\">\n\t\t\t\t\t\t<span class=\"elementor-button-content-wrapper\">\n\t\t\t\t\t\t\t\t\t<span class=\"elementor-button-text\">Watch on YouTube<\/span>\n\t\t\t\t\t<\/span>\n\t\t\t\t\t<\/a>\n\t\t\t\t<\/div>\n\t\t\t\t\t\t\t\t<\/div>\n\t\t\t\t<\/div>\n\t\t\t\t<\/div>\n\t\t<div class=\"elementor-element elementor-element-1ef7bb1 e-con-full e-flex e-con e-child\" data-id=\"1ef7bb1\" data-element_type=\"container\" data-e-type=\"container\" data-settings=\"{&quot;background_background&quot;:&quot;classic&quot;}\">\n\t\t\t\t<div class=\"elementor-element elementor-element-9c65fa9 elementor-position-top elementor-position-top elementor-widget elementor-widget-image-box\" data-id=\"9c65fa9\" data-element_type=\"widget\" data-e-type=\"widget\" data-widget_type=\"image-box.default\">\n\t\t\t\t<div class=\"elementor-widget-container\">\n\t\t\t\t\t<div class=\"elementor-image-box-wrapper\"><figure class=\"elementor-image-box-img\"><a href=\"https:\/\/www.mountainproject.com\/area\/122833948\/parc-regional-de-la-foret-bowman\" target=\"_blank\" tabindex=\"-1\"><img decoding=\"async\" width=\"559\" height=\"121\" src=\"https:\/\/foretbowman.org\/wp-content\/uploads\/2024\/07\/logo-mountain-project.png\" class=\"attachment-full size-full wp-image-878\" alt=\"\" srcset=\"https:\/\/foretbowman.org\/wp-content\/uploads\/2024\/07\/logo-mountain-project.png 559w, https:\/\/foretbowman.org\/wp-content\/uploads\/2024\/07\/logo-mountain-project-300x65.png 300w\" sizes=\"(max-width: 559px) 100vw, 559px\" \/><\/a><\/figure><div class=\"elementor-image-box-content\"><h3 class=\"elementor-image-box-title\"><a href=\"https:\/\/www.mountainproject.com\/area\/122833948\/parc-regional-de-la-foret-bowman\" target=\"_blank\">Parc R\u00e9gional de la For\u00eat Bowman Rock Climbing<\/a><\/h3><p class=\"elementor-image-box-description\">Published by Mountain Project<\/p><\/div><\/div>\t\t\t\t<\/div>\n\t\t\t\t<\/div>\n\t\t\t\t<div class=\"elementor-element elementor-element-511f49a elementor-align-left elementor-tablet-align-left elementor-mobile-align-left elementor-widget elementor-widget-button\" data-id=\"511f49a\" data-element_type=\"widget\" data-e-type=\"widget\" data-widget_type=\"button.default\">\n\t\t\t\t<div class=\"elementor-widget-container\">\n\t\t\t\t\t\t\t\t\t<div class=\"elementor-button-wrapper\">\n\t\t\t\t\t<a class=\"elementor-button elementor-button-link elementor-size-sm\" href=\"https:\/\/www.mountainproject.com\/area\/122833948\/parc-regional-de-la-foret-bowman\" target=\"_blank\">\n\t\t\t\t\t\t<span class=\"elementor-button-content-wrapper\">\n\t\t\t\t\t\t\t\t\t<span class=\"elementor-button-text\">Visit website<\/span>\n\t\t\t\t\t<\/span>\n\t\t\t\t\t<\/a>\n\t\t\t\t<\/div>\n\t\t\t\t\t\t\t\t<\/div>\n\t\t\t\t<\/div>\n\t\t\t\t<\/div>\n\t\t<div class=\"elementor-element elementor-element-a923c57 e-con-full e-flex e-con e-child\" data-id=\"a923c57\" data-element_type=\"container\" data-e-type=\"container\" data-settings=\"{&quot;background_background&quot;:&quot;classic&quot;}\">\n\t\t\t\t<div class=\"elementor-element elementor-element-64c056a elementor-position-top elementor-position-top elementor-widget elementor-widget-image-box\" data-id=\"64c056a\" data-element_type=\"widget\" data-e-type=\"widget\" data-widget_type=\"image-box.default\">\n\t\t\t\t<div class=\"elementor-widget-container\">\n\t\t\t\t\t<div class=\"elementor-image-box-wrapper\"><figure class=\"elementor-image-box-img\"><a href=\"https:\/\/fqme.qc.ca\/sites\/panorama-bowman\/\" target=\"_blank\" tabindex=\"-1\"><img loading=\"lazy\" decoding=\"async\" width=\"776\" height=\"676\" src=\"https:\/\/foretbowman.org\/wp-content\/uploads\/2024\/07\/logo-fqme.png\" class=\"attachment-full size-full wp-image-876\" alt=\"Logo de la F\u00e9d\u00e9ration qu\u00e9b\u00e9coise de la montagne et de l\u2019escalade (FQME)\" srcset=\"https:\/\/foretbowman.org\/wp-content\/uploads\/2024\/07\/logo-fqme.png 776w, https:\/\/foretbowman.org\/wp-content\/uploads\/2024\/07\/logo-fqme-300x261.png 300w, https:\/\/foretbowman.org\/wp-content\/uploads\/2024\/07\/logo-fqme-768x669.png 768w, https:\/\/foretbowman.org\/wp-content\/uploads\/2024\/07\/logo-fqme-600x523.png 600w\" sizes=\"(max-width: 776px) 100vw, 776px\" \/><\/a><\/figure><div class=\"elementor-image-box-content\"><h3 class=\"elementor-image-box-title\"><a href=\"https:\/\/fqme.qc.ca\/sites\/panorama-bowman\/\" target=\"_blank\">Panorama \u2013 Bowman (FQME)<\/a><\/h3><p class=\"elementor-image-box-description\">Published by FQME<\/p><\/div><\/div>\t\t\t\t<\/div>\n\t\t\t\t<\/div>\n\t\t\t\t<div class=\"elementor-element elementor-element-b35a62f elementor-align-left elementor-tablet-align-left elementor-mobile-align-left elementor-widget elementor-widget-button\" data-id=\"b35a62f\" data-element_type=\"widget\" data-e-type=\"widget\" data-widget_type=\"button.default\">\n\t\t\t\t<div class=\"elementor-widget-container\">\n\t\t\t\t\t\t\t\t\t<div class=\"elementor-button-wrapper\">\n\t\t\t\t\t<a class=\"elementor-button elementor-button-link elementor-size-sm\" href=\"https:\/\/fqme.qc.ca\/sites\/panorama-bowman\/\" target=\"_blank\">\n\t\t\t\t\t\t<span class=\"elementor-button-content-wrapper\">\n\t\t\t\t\t\t\t\t\t<span class=\"elementor-button-text\">Visit website<\/span>\n\t\t\t\t\t<\/span>\n\t\t\t\t\t<\/a>\n\t\t\t\t<\/div>\n\t\t\t\t\t\t\t\t<\/div>\n\t\t\t\t<\/div>\n\t\t\t\t<\/div>\n\t\t<div class=\"elementor-element elementor-element-b460f4c e-con-full e-flex e-con e-child\" data-id=\"b460f4c\" data-element_type=\"container\" data-e-type=\"container\" data-settings=\"{&quot;background_background&quot;:&quot;classic&quot;}\">\n\t\t\t\t<div class=\"elementor-element elementor-element-8dbc551 elementor-position-top elementor-position-top elementor-widget elementor-widget-image-box\" data-id=\"8dbc551\" data-element_type=\"widget\" data-e-type=\"widget\" data-widget_type=\"image-box.default\">\n\t\t\t\t<div class=\"elementor-widget-container\">\n\t\t\t\t\t<div class=\"elementor-image-box-wrapper\"><figure class=\"elementor-image-box-img\"><a href=\"https:\/\/www.thecrag.com\/en\/climbing\/canada\/quebec\/area\/6125008323\" target=\"_blank\" tabindex=\"-1\"><img loading=\"lazy\" decoding=\"async\" width=\"165\" height=\"60\" src=\"https:\/\/foretbowman.org\/wp-content\/uploads\/2024\/07\/logo-the-crag.png\" class=\"attachment-full size-full wp-image-879\" alt=\"Logo de theCrag\" \/><\/a><\/figure><div class=\"elementor-image-box-content\"><h3 class=\"elementor-image-box-title\"><a href=\"https:\/\/www.thecrag.com\/en\/climbing\/canada\/quebec\/area\/6125008323\" target=\"_blank\">Panorama - Bowman<\/a><\/h3><p class=\"elementor-image-box-description\">Published by theCrag<\/p><\/div><\/div>\t\t\t\t<\/div>\n\t\t\t\t<\/div>\n\t\t\t\t<div class=\"elementor-element elementor-element-e9765ba elementor-align-left elementor-tablet-align-left elementor-mobile-align-left elementor-widget elementor-widget-button\" data-id=\"e9765ba\" data-element_type=\"widget\" data-e-type=\"widget\" data-widget_type=\"button.default\">\n\t\t\t\t<div class=\"elementor-widget-container\">\n\t\t\t\t\t\t\t\t\t<div class=\"elementor-button-wrapper\">\n\t\t\t\t\t<a class=\"elementor-button elementor-button-link elementor-size-sm\" href=\"https:\/\/www.thecrag.com\/en\/climbing\/canada\/quebec\/area\/6125008323\" target=\"_blank\">\n\t\t\t\t\t\t<span class=\"elementor-button-content-wrapper\">\n\t\t\t\t\t\t\t\t\t<span class=\"elementor-button-text\">Visit website<\/span>\n\t\t\t\t\t<\/span>\n\t\t\t\t\t<\/a>\n\t\t\t\t<\/div>\n\t\t\t\t\t\t\t\t<\/div>\n\t\t\t\t<\/div>\n\t\t\t\t<\/div>\n\t\t<div class=\"elementor-element elementor-element-d885ab7 e-con-full e-flex e-con e-child\" data-id=\"d885ab7\" data-element_type=\"container\" data-e-type=\"container\" data-settings=\"{&quot;background_background&quot;:&quot;classic&quot;}\">\n\t\t\t\t<div class=\"elementor-element elementor-element-d809a9d elementor-position-top elementor-position-top elementor-widget elementor-widget-image-box\" data-id=\"d809a9d\" data-element_type=\"widget\" data-e-type=\"widget\" data-widget_type=\"image-box.default\">\n\t\t\t\t<div class=\"elementor-widget-container\">\n\t\t\t\t\t<div class=\"elementor-image-box-wrapper\"><figure class=\"elementor-image-box-img\"><a href=\"https:\/\/www.alltrails.com\/trail\/canada\/quebec\/sentier-de-la-foret-bowman\" target=\"_blank\" tabindex=\"-1\"><img loading=\"lazy\" decoding=\"async\" width=\"2457\" height=\"477\" src=\"https:\/\/foretbowman.org\/wp-content\/uploads\/2024\/07\/logo-alltrails-scaled-e1720489102713.jpg\" class=\"attachment-full size-full wp-image-851\" alt=\"Logo de AllTrails\" srcset=\"https:\/\/foretbowman.org\/wp-content\/uploads\/2024\/07\/logo-alltrails-scaled-e1720489102713.jpg 2457w, https:\/\/foretbowman.org\/wp-content\/uploads\/2024\/07\/logo-alltrails-scaled-e1720489102713-300x58.jpg 300w, https:\/\/foretbowman.org\/wp-content\/uploads\/2024\/07\/logo-alltrails-scaled-e1720489102713-1024x199.jpg 1024w, https:\/\/foretbowman.org\/wp-content\/uploads\/2024\/07\/logo-alltrails-scaled-e1720489102713-768x149.jpg 768w, https:\/\/foretbowman.org\/wp-content\/uploads\/2024\/07\/logo-alltrails-scaled-e1720489102713-1536x298.jpg 1536w, https:\/\/foretbowman.org\/wp-content\/uploads\/2024\/07\/logo-alltrails-scaled-e1720489102713-2048x398.jpg 2048w, https:\/\/foretbowman.org\/wp-content\/uploads\/2024\/07\/logo-alltrails-scaled-e1720489102713-600x116.jpg 600w\" sizes=\"(max-width: 2457px) 100vw, 2457px\" \/><\/a><\/figure><div class=\"elementor-image-box-content\"><h3 class=\"elementor-image-box-title\"><a href=\"https:\/\/www.alltrails.com\/trail\/canada\/quebec\/sentier-de-la-foret-bowman\" target=\"_blank\">Bowman Forest Trail<\/a><\/h3><p class=\"elementor-image-box-description\">Published by AllTrails<\/p><\/div><\/div>\t\t\t\t<\/div>\n\t\t\t\t<\/div>\n\t\t\t\t<div class=\"elementor-element elementor-element-b625976 elementor-align-left elementor-tablet-align-left elementor-mobile-align-left elementor-widget elementor-widget-button\" data-id=\"b625976\" data-element_type=\"widget\" data-e-type=\"widget\" data-widget_type=\"button.default\">\n\t\t\t\t<div class=\"elementor-widget-container\">\n\t\t\t\t\t\t\t\t\t<div class=\"elementor-button-wrapper\">\n\t\t\t\t\t<a class=\"elementor-button elementor-button-link elementor-size-sm\" href=\"https:\/\/www.alltrails.com\/trail\/canada\/quebec\/sentier-de-la-foret-bowman\" target=\"_blank\">\n\t\t\t\t\t\t<span class=\"elementor-button-content-wrapper\">\n\t\t\t\t\t\t\t\t\t<span class=\"elementor-button-text\">Visit website<\/span>\n\t\t\t\t\t<\/span>\n\t\t\t\t\t<\/a>\n\t\t\t\t<\/div>\n\t\t\t\t\t\t\t\t<\/div>\n\t\t\t\t<\/div>\n\t\t\t\t<\/div>\n\t\t\t\t<\/div>\n\t\t\t\t<div class=\"elementor-element elementor-element-7eb915c elementor-widget elementor-widget-text-editor\" data-id=\"7eb915c\" data-element_type=\"widget\" data-e-type=\"widget\" data-no-translation=\"\" data-widget_type=\"text-editor.default\">\n\t\t\t\t<div class=\"elementor-widget-container\">\n\t\t\t\t\t\t\t\t\t<p>* Please note that some blogs and webpages are only available in French.<\/p>\t\t\t\t\t\t\t\t<\/div>\n\t\t\t\t<\/div>\n\t\t\t\t\t<\/div>\n\t\t<\/div>\n\t\t\t\t\t<\/div>\n\t\t<\/section>\n\t\t\t\t<section class=\"elementor-section elementor-top-section elementor-element elementor-element-43d21b6 elementor-section-boxed elementor-section-height-default elementor-section-height-default\" data-id=\"43d21b6\" data-element_type=\"section\" data-e-type=\"section\" data-settings=\"{&quot;background_background&quot;:&quot;classic&quot;}\">\n\t\t\t\t\t\t\t<div class=\"elementor-background-overlay\"><\/div>\n\t\t\t\t\t\t\t<div class=\"elementor-container elementor-column-gap-no\">\n\t\t\t\t\t<div class=\"elementor-column elementor-col-100 elementor-top-column elementor-element elementor-element-a0e0dc3\" data-id=\"a0e0dc3\" data-element_type=\"column\" data-e-type=\"column\">\n\t\t\t<div class=\"elementor-widget-wrap elementor-element-populated\">\n\t\t\t\t\t\t<div class=\"elementor-element elementor-element-eaf1141 elementor-widget elementor-widget-heading\" data-id=\"eaf1141\" data-element_type=\"widget\" data-e-type=\"widget\" data-widget_type=\"heading.default\">\n\t\t\t\t<div class=\"elementor-widget-container\">\n\t\t\t\t\t<h1 class=\"elementor-heading-title elementor-size-default\">Contact<\/h1>\t\t\t\t<\/div>\n\t\t\t\t<\/div>\n\t\t\t\t<div class=\"elementor-element elementor-element-62eb665 elementor-widget elementor-widget-heading\" data-id=\"62eb665\" data-element_type=\"widget\" data-e-type=\"widget\" data-widget_type=\"heading.default\">\n\t\t\t\t<div class=\"elementor-widget-container\">\n\t\t\t\t\t<h2 class=\"elementor-heading-title elementor-size-default\">Contact Us<\/h2>\t\t\t\t<\/div>\n\t\t\t\t<\/div>\n\t\t\t\t<div class=\"elementor-element elementor-element-e2ca66d elementor-widget elementor-widget-text-editor\" data-id=\"e2ca66d\" data-element_type=\"widget\" data-e-type=\"widget\" data-widget_type=\"text-editor.default\">\n\t\t\t\t<div class=\"elementor-widget-container\">\n\t\t\t\t\t\t\t\t\t<p>For media inquiries about the Bowman Forest Regional Park, please contact us at <a href=\"mailto:sgouletforetbowman@bowman.ca\">sgouletforetbowman@bowman.ca<\/a> or call 819 454-2421 ext. 1108.\u00a0<\/p>\t\t\t\t\t\t\t\t<\/div>\n\t\t\t\t<\/div>\n\t\t\t\t<div class=\"elementor-element elementor-element-3cb7a0e elementor-align-center elementor-tablet-align-center elementor-widget elementor-widget-button\" data-id=\"3cb7a0e\" data-element_type=\"widget\" data-e-type=\"widget\" data-widget_type=\"button.default\">\n\t\t\t\t<div class=\"elementor-widget-container\">\n\t\t\t\t\t\t\t\t\t<div class=\"elementor-button-wrapper\">\n\t\t\t\t\t<a class=\"elementor-button elementor-button-link elementor-size-sm\" href=\"https:\/\/foretbowman.org\/en\/contact\/\">\n\t\t\t\t\t\t<span class=\"elementor-button-content-wrapper\">\n\t\t\t\t\t\t\t\t\t<span class=\"elementor-button-text\">Contact us<\/span>\n\t\t\t\t\t<\/span>\n\t\t\t\t\t<\/a>\n\t\t\t\t<\/div>\n\t\t\t\t\t\t\t\t<\/div>\n\t\t\t\t<\/div>\n\t\t\t\t\t<\/div>\n\t\t<\/div>\n\t\t\t\t\t<\/div>\n\t\t<\/section>\n\t\t\t\t<\/div>","protected":false},"excerpt":{"rendered":"<p>M\u00e9dias et blogueurs Liens blogueurs Voir le Parc sous un autre angle Explorez les derniers blogues, articles et vid\u00e9os publi\u00e9s au sujet du Parc r\u00e9gional de la for\u00eat Bowman. \u00c0 la d\u00e9couverte du Parc r\u00e9gional de la for\u00eat Bowman en Outaouais Publi\u00e9 le 7 janvier 2023 Lire le blog Magnifique randonn\u00e9e hivernale en raquettes \u00e0 Bowman en Outaouais Publi\u00e9 le [&hellip;]<\/p>\n","protected":false},"author":1,"featured_media":0,"parent":0,"menu_order":0,"comment_status":"closed","ping_status":"closed","template":"elementor_header_footer","meta":{"give_campaign_id":0,"footnotes":""},"class_list":["post-806","page","type-page","status-publish","hentry"],"aioseo_notices":[],"campaignId":"","_links":{"self":[{"href":"https:\/\/foretbowman.org\/en\/wp-json\/wp\/v2\/pages\/806","targetHints":{"allow":["GET"]}}],"collection":[{"href":"https:\/\/foretbowman.org\/en\/wp-json\/wp\/v2\/pages"}],"about":[{"href":"https:\/\/foretbowman.org\/en\/wp-json\/wp\/v2\/types\/page"}],"author":[{"embeddable":true,"href":"https:\/\/foretbowman.org\/en\/wp-json\/wp\/v2\/users\/1"}],"replies":[{"embeddable":true,"href":"https:\/\/foretbowman.org\/en\/wp-json\/wp\/v2\/comments?post=806"}],"version-history":[{"count":136,"href":"https:\/\/foretbowman.org\/en\/wp-json\/wp\/v2\/pages\/806\/revisions"}],"predecessor-version":[{"id":1508,"href":"https:\/\/foretbowman.org\/en\/wp-json\/wp\/v2\/pages\/806\/revisions\/1508"}],"wp:attachment":[{"href":"https:\/\/foretbowman.org\/en\/wp-json\/wp\/v2\/media?parent=806"}],"curies":[{"name":"wp","href":"https:\/\/api.w.org\/{rel}","templated":true}]}}