{"id":649,"date":"2024-07-02T21:20:56","date_gmt":"2024-07-02T21:20:56","guid":{"rendered":"https:\/\/foretbowman.org\/?page_id=649"},"modified":"2024-12-01T23:56:33","modified_gmt":"2024-12-01T23:56:33","slug":"sentiers","status":"publish","type":"page","link":"https:\/\/foretbowman.org\/en\/sentiers\/","title":{"rendered":"Trails"},"content":{"rendered":"<div data-elementor-type=\"wp-page\" data-elementor-id=\"649\" class=\"elementor elementor-649\" data-elementor-post-type=\"page\">\n\t\t\t\t\t\t<section class=\"elementor-section elementor-top-section elementor-element elementor-element-49c652e elementor-section-full_width elementor-section-height-default elementor-section-height-default\" data-id=\"49c652e\" data-element_type=\"section\" data-e-type=\"section\" data-settings=\"{&quot;background_background&quot;:&quot;classic&quot;}\">\n\t\t\t\t\t\t\t<div class=\"elementor-background-overlay\"><\/div>\n\t\t\t\t\t\t\t<div class=\"elementor-container elementor-column-gap-no\">\n\t\t\t\t\t<div class=\"elementor-column elementor-col-100 elementor-top-column elementor-element elementor-element-c12b12f\" data-id=\"c12b12f\" data-element_type=\"column\" data-e-type=\"column\">\n\t\t\t<div class=\"elementor-widget-wrap elementor-element-populated\">\n\t\t\t\t\t\t<div class=\"elementor-element elementor-element-49c7e38 elementor-widget elementor-widget-heading\" data-id=\"49c7e38\" data-element_type=\"widget\" data-e-type=\"widget\" data-widget_type=\"heading.default\">\n\t\t\t\t<div class=\"elementor-widget-container\">\n\t\t\t\t\t<h2 class=\"elementor-heading-title elementor-size-default\">Trails<\/h2>\t\t\t\t<\/div>\n\t\t\t\t<\/div>\n\t\t\t\t<div class=\"elementor-element elementor-element-591571a elementor-widget-divider--view-line elementor-widget elementor-widget-divider\" data-id=\"591571a\" data-element_type=\"widget\" data-e-type=\"widget\" data-widget_type=\"divider.default\">\n\t\t\t\t<div class=\"elementor-widget-container\">\n\t\t\t\t\t\t\t<div class=\"elementor-divider\">\n\t\t\t<span class=\"elementor-divider-separator\">\n\t\t\t\t\t\t<\/span>\n\t\t<\/div>\n\t\t\t\t\t\t<\/div>\n\t\t\t\t<\/div>\n\t\t\t\t\t<\/div>\n\t\t<\/div>\n\t\t\t\t\t<\/div>\n\t\t<\/section>\n\t\t\t\t<section class=\"elementor-section elementor-top-section elementor-element elementor-element-2007ccb elementor-section-boxed elementor-section-height-default elementor-section-height-default\" data-id=\"2007ccb\" data-element_type=\"section\" data-e-type=\"section\" data-settings=\"{&quot;background_background&quot;:&quot;classic&quot;}\">\n\t\t\t\t\t\t<div class=\"elementor-container elementor-column-gap-no\">\n\t\t\t\t\t<div class=\"elementor-column elementor-col-50 elementor-top-column elementor-element elementor-element-47da7ec\" data-id=\"47da7ec\" data-element_type=\"column\" data-e-type=\"column\">\n\t\t\t<div class=\"elementor-widget-wrap elementor-element-populated\">\n\t\t\t\t\t\t<div class=\"elementor-element elementor-element-e1c26d0 elementor-widget elementor-widget-heading\" data-id=\"e1c26d0\" data-element_type=\"widget\" data-e-type=\"widget\" data-widget_type=\"heading.default\">\n\t\t\t\t<div class=\"elementor-widget-container\">\n\t\t\t\t\t<h1 class=\"elementor-heading-title elementor-size-default\">Info<\/h1>\t\t\t\t<\/div>\n\t\t\t\t<\/div>\n\t\t\t\t<div class=\"elementor-element elementor-element-917b606 elementor-widget elementor-widget-heading\" data-id=\"917b606\" data-element_type=\"widget\" data-e-type=\"widget\" data-widget_type=\"heading.default\">\n\t\t\t\t<div class=\"elementor-widget-container\">\n\t\t\t\t\t<h2 class=\"elementor-heading-title elementor-size-default\">Our Hiking Trails<\/h2>\t\t\t\t<\/div>\n\t\t\t\t<\/div>\n\t\t\t\t<div class=\"elementor-element elementor-element-5deadb3 elementor-widget elementor-widget-text-editor\" data-id=\"5deadb3\" data-element_type=\"widget\" data-e-type=\"widget\" data-widget_type=\"text-editor.default\">\n\t\t\t\t<div class=\"elementor-widget-container\">\n\t\t\t\t\t\t\t\t\t<p>Our 5 kilometers of hiking trails offer splendid panoramas of natural landscapes representative of the old Laurentian forests.<\/p>\t\t\t\t\t\t\t\t<\/div>\n\t\t\t\t<\/div>\n\t\t\t\t\t<\/div>\n\t\t<\/div>\n\t\t\t\t<div class=\"elementor-column elementor-col-50 elementor-top-column elementor-element elementor-element-0f7aa87\" data-id=\"0f7aa87\" data-element_type=\"column\" data-e-type=\"column\">\n\t\t\t<div class=\"elementor-widget-wrap elementor-element-populated\">\n\t\t\t\t\t\t<div class=\"elementor-element elementor-element-0bbce63 elementor-widget elementor-widget-heading\" data-id=\"0bbce63\" data-element_type=\"widget\" data-e-type=\"widget\" data-widget_type=\"heading.default\">\n\t\t\t\t<div class=\"elementor-widget-container\">\n\t\t\t\t\t<h2 class=\"elementor-heading-title elementor-size-default\">#1 The Panorama Trail<\/h2>\t\t\t\t<\/div>\n\t\t\t\t<\/div>\n\t\t\t\t<div class=\"elementor-element elementor-element-62e5221 elementor-widget elementor-widget-text-editor\" data-id=\"62e5221\" data-element_type=\"widget\" data-e-type=\"widget\" data-widget_type=\"text-editor.default\">\n\t\t\t\t<div class=\"elementor-widget-container\">\n\t\t\t\t\t\t\t\t\t<p>Panorama is a loop that offers unique panoramic views of Lac Escalier, Rivi\u00e8re La Li\u00e8vre, Lac Desjardins, Lac du Brochet and parts of the Petite Nation mountains.<br \/><span style=\"color: var( --e-global-color-text ); font-family: var( --e-global-typography-text-font-family ), Sans-serif; font-size: var( --e-global-typography-text-font-size ); font-weight: var( --e-global-typography-text-font-weight );\"><strong>Length:<\/strong> 4 km<br \/><\/span><span style=\"color: var( --e-global-color-text ); font-family: var( --e-global-typography-text-font-family ), Sans-serif; font-size: var( --e-global-typography-text-font-size ); font-weight: var( --e-global-typography-text-font-weight );\"><strong>Difficulty:<\/strong> Intermediate<\/span><\/p>\t\t\t\t\t\t\t\t<\/div>\n\t\t\t\t<\/div>\n\t\t\t\t<div class=\"elementor-element elementor-element-602103d elementor-widget elementor-widget-heading\" data-id=\"602103d\" data-element_type=\"widget\" data-e-type=\"widget\" data-widget_type=\"heading.default\">\n\t\t\t\t<div class=\"elementor-widget-container\">\n\t\t\t\t\t<h2 class=\"elementor-heading-title elementor-size-default\">#2 The Bagnole Trail <\/h2>\t\t\t\t<\/div>\n\t\t\t\t<\/div>\n\t\t\t\t<div class=\"elementor-element elementor-element-df9c559 elementor-widget elementor-widget-text-editor\" data-id=\"df9c559\" data-element_type=\"widget\" data-e-type=\"widget\" data-widget_type=\"text-editor.default\">\n\t\t\t\t<div class=\"elementor-widget-container\">\n\t\t\t\t\t\t\t\t\t<p>This trail offers a round trip for those wishing to observe the Bagnole (car), follow a year-round stream or take a break at the cedar relay.<br \/><strong>Length:<\/strong> Approximately 1.8 km<br \/><strong>Difficulty:<\/strong> Beginner<\/p>\t\t\t\t\t\t\t\t<\/div>\n\t\t\t\t<\/div>\n\t\t\t\t<div class=\"elementor-element elementor-element-d39b52c elementor-widget elementor-widget-heading\" data-id=\"d39b52c\" data-element_type=\"widget\" data-e-type=\"widget\" data-widget_type=\"heading.default\">\n\t\t\t\t<div class=\"elementor-widget-container\">\n\t\t\t\t\t<h2 class=\"elementor-heading-title elementor-size-default\">#3 The Angel Trail <\/h2>\t\t\t\t<\/div>\n\t\t\t\t<\/div>\n\t\t\t\t<div class=\"elementor-element elementor-element-06e65ee elementor-widget elementor-widget-text-editor\" data-id=\"06e65ee\" data-element_type=\"widget\" data-e-type=\"widget\" data-widget_type=\"text-editor.default\">\n\t\t\t\t<div class=\"elementor-widget-container\">\n\t\t\t\t\t\t\t\t\t<p>This loop hike lets you see Lac de la Truite from all angles, and watch a beautiful sunset.<br \/><strong>Length:<\/strong> Approximately 3.2 km<br \/><strong>Difficulty:<\/strong> Beginner<\/p>\t\t\t\t\t\t\t\t<\/div>\n\t\t\t\t<\/div>\n\t\t\t\t\t<\/div>\n\t\t<\/div>\n\t\t\t\t\t<\/div>\n\t\t<\/section>\n\t\t\t\t<section class=\"elementor-section elementor-top-section elementor-element elementor-element-bb5ce4e elementor-reverse-tablet elementor-reverse-mobile elementor-section-boxed elementor-section-height-default elementor-section-height-default\" data-id=\"bb5ce4e\" data-element_type=\"section\" data-e-type=\"section\" id=\"carte\" data-settings=\"{&quot;background_background&quot;:&quot;classic&quot;}\">\n\t\t\t\t\t\t<div class=\"elementor-container elementor-column-gap-no\">\n\t\t\t\t\t<div class=\"elementor-column elementor-col-100 elementor-top-column elementor-element elementor-element-e406d32\" data-id=\"e406d32\" data-element_type=\"column\" data-e-type=\"column\">\n\t\t\t<div class=\"elementor-widget-wrap elementor-element-populated\">\n\t\t\t\t\t\t<div class=\"elementor-element elementor-element-ac84faf elementor-widget elementor-widget-heading\" data-id=\"ac84faf\" data-element_type=\"widget\" data-e-type=\"widget\" data-widget_type=\"heading.default\">\n\t\t\t\t<div class=\"elementor-widget-container\">\n\t\t\t\t\t<h1 class=\"elementor-heading-title elementor-size-default\">Trail Map<\/h1>\t\t\t\t<\/div>\n\t\t\t\t<\/div>\n\t\t\t\t<div class=\"elementor-element elementor-element-e94bd05 elementor-widget elementor-widget-heading\" data-id=\"e94bd05\" data-element_type=\"widget\" data-e-type=\"widget\" data-widget_type=\"heading.default\">\n\t\t\t\t<div class=\"elementor-widget-container\">\n\t\t\t\t\t<h2 class=\"elementor-heading-title elementor-size-default\">A Vast Territory to Discover<\/h2>\t\t\t\t<\/div>\n\t\t\t\t<\/div>\n\t\t\t\t<div class=\"elementor-element elementor-element-f004936 elementor-widget elementor-widget-text-editor\" data-id=\"f004936\" data-element_type=\"widget\" data-e-type=\"widget\" data-widget_type=\"text-editor.default\">\n\t\t\t\t<div class=\"elementor-widget-container\">\n\t\t\t\t\t\t\t\t\t<p>A memorable trek that guarantees an incomparable journey across six mountains, seven bodies of water, caves and climbing routes.<\/p>\t\t\t\t\t\t\t\t<\/div>\n\t\t\t\t<\/div>\n\t\t\t\t<div class=\"elementor-element elementor-element-2c15d69 elementor-widget elementor-widget-image\" data-id=\"2c15d69\" data-element_type=\"widget\" data-e-type=\"widget\" data-widget_type=\"image.default\">\n\t\t\t\t<div class=\"elementor-widget-container\">\n\t\t\t\t\t\t\t\t\t\t\t\t\t\t\t<img fetchpriority=\"high\" decoding=\"async\" width=\"3400\" height=\"2200\" src=\"https:\/\/foretbowman.org\/wp-content\/uploads\/2024\/07\/CarteParcRegionalForetBowman2024-1.png\" class=\"attachment-full size-full wp-image-935\" alt=\"Carte des sentiers et du territoire du Parc r\u00e9gional de la for\u00eat Bowman\" srcset=\"https:\/\/foretbowman.org\/wp-content\/uploads\/2024\/07\/CarteParcRegionalForetBowman2024-1.png 3400w, https:\/\/foretbowman.org\/wp-content\/uploads\/2024\/07\/CarteParcRegionalForetBowman2024-1-300x194.png 300w, https:\/\/foretbowman.org\/wp-content\/uploads\/2024\/07\/CarteParcRegionalForetBowman2024-1-1024x663.png 1024w, https:\/\/foretbowman.org\/wp-content\/uploads\/2024\/07\/CarteParcRegionalForetBowman2024-1-768x497.png 768w, https:\/\/foretbowman.org\/wp-content\/uploads\/2024\/07\/CarteParcRegionalForetBowman2024-1-1536x994.png 1536w, https:\/\/foretbowman.org\/wp-content\/uploads\/2024\/07\/CarteParcRegionalForetBowman2024-1-2048x1325.png 2048w, https:\/\/foretbowman.org\/wp-content\/uploads\/2024\/07\/CarteParcRegionalForetBowman2024-1-600x388.png 600w\" sizes=\"(max-width: 3400px) 100vw, 3400px\" \/>\t\t\t\t\t\t\t\t\t\t\t\t\t\t\t<\/div>\n\t\t\t\t<\/div>\n\t\t\t\t\t<\/div>\n\t\t<\/div>\n\t\t\t\t\t<\/div>\n\t\t<\/section>\n\t\t\t\t<\/div>","protected":false},"excerpt":{"rendered":"<p>Sentiers Infos Nos sentiers p\u00e9destres Nos 5 kilom\u00e8tres de sentiers p\u00e9destres offrent des panoramas splendides sur des paysages naturels repr\u00e9sentatifs des vielles for\u00eats laurentiennes. #1 Le sentier Panorama Panorama est une boucle qui offre des vues panoramiques uniques sur le lac Escalier, la rivi\u00e8re La Li\u00e8vre, le lac Desjardins, le lac du Brochet ainsi que partie des montagnes en Petite [&hellip;]<\/p>\n","protected":false},"author":1,"featured_media":0,"parent":0,"menu_order":0,"comment_status":"closed","ping_status":"closed","template":"elementor_header_footer","meta":{"give_campaign_id":0,"footnotes":""},"class_list":["post-649","page","type-page","status-publish","hentry"],"aioseo_notices":[],"campaignId":"","_links":{"self":[{"href":"https:\/\/foretbowman.org\/en\/wp-json\/wp\/v2\/pages\/649","targetHints":{"allow":["GET"]}}],"collection":[{"href":"https:\/\/foretbowman.org\/en\/wp-json\/wp\/v2\/pages"}],"about":[{"href":"https:\/\/foretbowman.org\/en\/wp-json\/wp\/v2\/types\/page"}],"author":[{"embeddable":true,"href":"https:\/\/foretbowman.org\/en\/wp-json\/wp\/v2\/users\/1"}],"replies":[{"embeddable":true,"href":"https:\/\/foretbowman.org\/en\/wp-json\/wp\/v2\/comments?post=649"}],"version-history":[{"count":61,"href":"https:\/\/foretbowman.org\/en\/wp-json\/wp\/v2\/pages\/649\/revisions"}],"predecessor-version":[{"id":1611,"href":"https:\/\/foretbowman.org\/en\/wp-json\/wp\/v2\/pages\/649\/revisions\/1611"}],"wp:attachment":[{"href":"https:\/\/foretbowman.org\/en\/wp-json\/wp\/v2\/media?parent=649"}],"curies":[{"name":"wp","href":"https:\/\/api.w.org\/{rel}","templated":true}]}}